{"id":13,"date":"2016-06-06T07:31:25","date_gmt":"2016-06-06T07:31:25","guid":{"rendered":"http:\/\/inke-johannsen.de\/?page_id=13"},"modified":"2021-12-28T17:14:03","modified_gmt":"2021-12-28T17:14:03","slug":"imprint","status":"publish","type":"page","link":"https:\/\/inke-johannsen.de\/en\/imprint\/","title":{"rendered":"Imprint"},"content":{"rendered":"<h5>Inke Johannsen Consulting<\/h5>\n<p>Papenhoern\u20098<br \/>\n22397\u2009Hamburg<br \/>\nGermany<\/p>\n<p>+\u200549\u2005(0)\u2009173\u2005280\u200945\u200979<br \/>\n<a href=\"mailto:consulting@inke-johannsen.de\" target=\"_blank\">consulting(at)inke-johannsen.de<\/a><br \/>\n<a href=\"http:\/\/www.inke-johannsen.de\/\" target=\"_blank\">www.inke-johannsen.de<\/a><\/p>\n<div id=\"con_impressum_left\">\n<h5><\/h5>\n<h5>Copyright<\/h5>\n<p>\u00a9 Inke Johannsen Consulting<\/p>\n<p>Alle Elemente dieser Webseite sind durch das deutsche Copyright Gesetz gesch\u00fctzt. Kein Teil dieser Website darf ohne ausdr\u00fcckliche schriftliche Genehmigung benutzt und reproduziert werden. Alle Rechte vorbehalten.<\/p>\n<h5><\/h5>\n<h5>Urheberrecht<\/h5>\n<p>Alle auf dieser Webseite ver\u00f6ffentlichten Inhalte und Werke sind urheberrechtlich gesch\u00fctzt. Alle Bilder sind Eigentum des Urhebers und d\u00fcrfen ohne Genehmigung desselben weder ver\u00f6ffentlicht, reproduziert noch manipuliert werden. Dies gilt insbesondere f\u00fcr Vervielf\u00e4ltigung, Bearbeitung, \u00dcbersetzung, Einspeicherung, Verarbeitung bzw. Wiedergabe von Inhalten in Datenbanken oder anderen elektronischen Medien und Systemen. Das Urheberrecht kann nicht an Dritte \u00fcbertragen oder ver\u00e4u\u00dfert werden.<\/p>\n<h5>Links<\/h5>\n<p>Trotz sorgf\u00e4ltiger inhaltlicher Kontrolle \u00fcbernehme ich keine Haftung f\u00fcr die Inhalte externer Links. F\u00fcr die Inhalte der verlinkten Seiten ist ausschlie\u00dflich der jeweilige Anbieter oder Betreiber der Seiten verantwortlich. Hiermit distanziere ich mich ausdr\u00fccklich von allen Inhalten aller gelinkten Seiten auf dieser Webseite.<\/p>\n<\/div>\n","protected":false},"excerpt":{"rendered":"<p>Inke Johannsen Consulting Papenhoern\u20098 22397\u2009Hamburg Germany +\u200549\u2005(0)\u2009173\u2005280\u200945\u200979 consulting(at)inke-johannsen.de www.inke-johannsen.de Copyright \u00a9 Inke Johannsen Consulting Alle Elemente dieser Webseite sind durch das deutsche Copyright Gesetz gesch\u00fctzt. Kein Teil dieser Website darf ohne ausdr\u00fcckliche schriftliche Genehmigung benutzt und reproduziert werden. Alle Rechte vorbehalten. Urheberrecht Alle auf dieser Webseite ver\u00f6ffentlichten Inhalte und Werke sind urheberrechtlich gesch\u00fctzt. Alle Bilder [&hellip;]<\/p>\n","protected":false},"author":4,"featured_media":0,"parent":0,"menu_order":0,"comment_status":"closed","ping_status":"closed","template":"","meta":[],"translation":{"provider":"WPGlobus","version":"2.8.9","language":"en","enabled_languages":["de","en"],"languages":{"de":{"title":true,"content":true,"excerpt":false},"en":{"title":true,"content":true,"excerpt":false}}},"_links":{"self":[{"href":"https:\/\/inke-johannsen.de\/en\/wp-json\/wp\/v2\/pages\/13"}],"collection":[{"href":"https:\/\/inke-johannsen.de\/en\/wp-json\/wp\/v2\/pages"}],"about":[{"href":"https:\/\/inke-johannsen.de\/en\/wp-json\/wp\/v2\/types\/page"}],"author":[{"embeddable":true,"href":"https:\/\/inke-johannsen.de\/en\/wp-json\/wp\/v2\/users\/4"}],"replies":[{"embeddable":true,"href":"https:\/\/inke-johannsen.de\/en\/wp-json\/wp\/v2\/comments?post=13"}],"version-history":[{"count":22,"href":"https:\/\/inke-johannsen.de\/en\/wp-json\/wp\/v2\/pages\/13\/revisions"}],"predecessor-version":[{"id":273,"href":"https:\/\/inke-johannsen.de\/en\/wp-json\/wp\/v2\/pages\/13\/revisions\/273"}],"wp:attachment":[{"href":"https:\/\/inke-johannsen.de\/en\/wp-json\/wp\/v2\/media?parent=13"}],"curies":[{"name":"wp","href":"https:\/\/api.w.org\/{rel}","templated":true}]}}