{"id":139,"date":"2016-07-21T08:07:13","date_gmt":"2016-07-21T08:07:13","guid":{"rendered":"http:\/\/inke-johannsen.de\/?page_id=139"},"modified":"2016-07-21T11:15:10","modified_gmt":"2016-07-21T11:15:10","slug":"ueber-mich","status":"publish","type":"page","link":"https:\/\/inke-johannsen.de\/en\/ueber-mich\/","title":{"rendered":"About me"},"content":{"rendered":"<h3>Inke Johannsen<\/h3>\n<h6>Expertin f\u00fcr Gruppenprozesse und pers\u00f6nliche und betriebliche Weiterentwicklung<\/h6>\n<h4><\/h4>\n<p>Nach dem Studium der Sozialp\u00e4dagogik mit Schwerpunkt \u201eErwachsenenbildung\u201c habe ich zehn Jahre als F\u00fchrungskraft in sozialen Unternehmen gearbeitet.<br \/>\nSeit einer mehrj\u00e4hrigen psychotherapeutischen Weiterbildung und nach meiner Zertifizierung zur Personal- und Organisationsentwicklerin begleite ich nun Einzelpersonen, Teams und Organisationen als Coach, Trainerin und Moderatorin.<br \/>\nInsgesamt bringe ich elf Jahre Auslandserfahrung und ein H\u00f6chstma\u00df an kultureller, struktureller und branchen\u00fcbergreifender Flexibilit\u00e4t und Erfahrung mit.<br \/>\nMeine Dienstleistungen sind stets ma\u00dfgeschneidert und passgenau auf Ihre individuellen Bed\u00fcrfnisse zugeschnitten.<br \/>\nIch arbeite sowohl auf Deutsch als auch auf Englisch sowie in jedem anderen multinationalen Umfeld mit \u00dcbersetzung.<br \/>\n<div class=\"tt_sc columns\">\n<div class=\"one_third column last\"><\/p>\n<p><\/div><\/div><!--tt_sc --><\/p>\n<hr \/>\n<div class=\"tt_sc columns\">\n<div class=\"one_third column last\"><br \/>\n<\/div><\/div><!--tt_sc -->\n<h5 style=\"color: #a9c500;\">+\u00a0 Themenschwerpunkte<\/h5>\n<p>+\u00a0\u00a0\u00a0 Moderation von Arbeitsgruppen, Workshops, Seminaren und Konferenzen<br \/>\n+\u00a0\u00a0\u00a0 Change Management<br \/>\n+\u00a0\u00a0\u00a0 Interkulturelles Lernen<br \/>\n+\u00a0\u00a0\u00a0 Coaching<br \/>\n+\u00a0\u00a0\u00a0 Supervision<br \/>\n+\u00a0\u00a0\u00a0 Organisations- Abteilungs- und Teamentwicklung<br \/>\n+\u00a0\u00a0\u00a0 Train the Trainer<br \/>\n<div class=\"tt_sc columns\">\n<div class=\"one_third column last\"><\/p>\n<p><\/div><\/div><!--tt_sc --><\/p>\n<h5 style=\"color: #a9c500;\">+\u00a0 Branchenerfahrungen<\/h5>\n<p>+ \u00a0\u00a0 Organisationen der Entwicklungszusammenarbeit<br \/>\n+ \u00a0\u00a0 Industrie<br \/>\n+ \u00a0\u00a0 Energiewirtschaft<br \/>\n+ \u00a0\u00a0 Ministerien \/ \u00f6ffentliche Verwaltung<br \/>\n+ \u00a0\u00a0 Gesundheitswesen<br \/>\n+ \u00a0\u00a0 Bildungsinstitutionen<br \/>\n+ \u00a0\u00a0 Kirchen<br \/>\n+ \u00a0\u00a0 Non \u2013 Profit \u2013 Organisationen<br \/>\n+ \u00a0\u00a0 Kulturbetriebe<br \/>\n<div class=\"tt_sc columns\">\n<div class=\"one_third column last\"><\/p>\n<p><\/div><\/div><!--tt_sc --><\/p>\n<h5 style=\"color: #a9c500;\">+\u00a0 Studium<\/h5>\n<p>+ \u00a0\u00a0 Diplom- Sozialp\u00e4dagogin (FH)<br \/>\n<div class=\"tt_sc columns\">\n<div class=\"one_third column last\"><\/p>\n<p><\/div><\/div><!--tt_sc --><\/p>\n<h5 style=\"color: #a9c500;\">+\u00a0 Berufsstationen<\/h5>\n<h6>+ \u00a0\u00a0 Seit November 2015<\/h6>\n<p>+ \u00a0\u00a0 Gr\u00fcndung der Inke Johannsen Consulting &#8211; Coaching+Moderation+Training<\/p>\n<h6>+\u00a0\u00a0\u00a0 2011-2015<\/h6>\n<p>+ \u00a0\u00a0 Organisationsentwicklerin in Malawi\/Afrika &#8211; UMC\/Brot f\u00fcr die Welt<\/p>\n<h6>+\u00a0\u00a0\u00a0 2004-2010<\/h6>\n<p>+ \u00a0\u00a0 P\u00e4dagogische Beraterin der MCSA, Windhoek\/Namibia<br \/>\n+ \u00a0\u00a0 Eigene Beratungspraxis f\u00fcr Organisations-und Personalentwicklung:<br \/>\nNextep-organisational and personnel development cc, Windhoek\/Namibia<\/p>\n<h6>+\u00a0\u00a0\u00a0 2002\/2003<\/h6>\n<p>+ \u00a0\u00a0 Vorbereitungsvertrag f\u00fcr einen Einsatz als Organisationsentwicklerin in Sierra Leone und Elternzeit<\/p>\n<h6>+\u00a0\u00a0\u00a0 2001\/2002<\/h6>\n<p>+ \u00a0\u00a0 Weiterbildung zur Personal- und Organisationsentwicklerin bei der WBB\/PDI in T\u00fcbingen &#8211; Vollzeit (1920 Stunden)<\/p>\n<h6>+\u00a0\u00a0\u00a0 Seit 2000<\/h6>\n<p>+ \u00a0\u00a0 Freiberufliche T\u00e4tigkeit in verschiedenen Feldern der Erwachsenenbildung und als Supervisorin<\/p>\n<h6>+\u00a0\u00a0\u00a0 1992-2001<\/h6>\n<p>+ \u00a0\u00a0 Leitung verschiedener Kinder- und Jugendhilfeeinrichtungen in Baden-W\u00fcrttemberg und Berlin<br \/>\n<div class=\"tt_sc columns\">\n<div class=\"one_third column last\"><\/p>\n<p><\/div><\/div><!--tt_sc --><\/p>\n<h5 style=\"color: #a9c500;\">+\u00a0\u00a0 Sprachen<\/h5>\n<p>+ \u00a0\u00a0 Deutsch<br \/>\n+ \u00a0\u00a0 Englisch<br \/>\n<div class=\"tt_sc columns\">\n<div class=\"one_third column last\"><\/p>\n<p><\/div><\/div><!--tt_sc --><\/p>\n<h5 style=\"color: #a9c500;\">+\u00a0\u00a0 Zusatzqualifikationen<\/h5>\n<p>+ \u00a0\u00a0 Zertifizierung zur Personal- und Organisationsentwicklerin (WBB\/PDI)<br \/>\n+ \u00a0\u00a0 Zertifizierung zur Psychodrama Leiterin ,2001 (Moreno Institut Stuttgart)<br \/>\n+ \u00a0\u00a0 Mediation und Konfliktl\u00f6sung (I ACT Namibia)<br \/>\n+ \u00a0\u00a0 HIV\/AIDS Care and Counselling (University of South Africa, UNISA, Centre for Applied Psychology)<br \/>\n+ \u00a0\u00a0 Traumatherapie (Dr. David Becker, INA, FU Berlin)<\/p>\n","protected":false},"excerpt":{"rendered":"<p>Inke Johannsen Expertin f\u00fcr Gruppenprozesse und pers\u00f6nliche und betriebliche Weiterentwicklung Nach dem Studium der Sozialp\u00e4dagogik mit Schwerpunkt \u201eErwachsenenbildung\u201c habe ich zehn Jahre als F\u00fchrungskraft in sozialen Unternehmen gearbeitet. Seit einer mehrj\u00e4hrigen psychotherapeutischen Weiterbildung und nach meiner Zertifizierung zur Personal- und Organisationsentwicklerin begleite ich nun Einzelpersonen, Teams und Organisationen als Coach, Trainerin und Moderatorin. Insgesamt bringe [&hellip;]<\/p>\n","protected":false},"author":4,"featured_media":0,"parent":0,"menu_order":0,"comment_status":"closed","ping_status":"closed","template":"","meta":[],"translation":{"provider":"WPGlobus","version":"2.8.9","language":"en","enabled_languages":["de","en"],"languages":{"de":{"title":true,"content":true,"excerpt":false},"en":{"title":true,"content":false,"excerpt":false}}},"_links":{"self":[{"href":"https:\/\/inke-johannsen.de\/en\/wp-json\/wp\/v2\/pages\/139"}],"collection":[{"href":"https:\/\/inke-johannsen.de\/en\/wp-json\/wp\/v2\/pages"}],"about":[{"href":"https:\/\/inke-johannsen.de\/en\/wp-json\/wp\/v2\/types\/page"}],"author":[{"embeddable":true,"href":"https:\/\/inke-johannsen.de\/en\/wp-json\/wp\/v2\/users\/4"}],"replies":[{"embeddable":true,"href":"https:\/\/inke-johannsen.de\/en\/wp-json\/wp\/v2\/comments?post=139"}],"version-history":[{"count":66,"href":"https:\/\/inke-johannsen.de\/en\/wp-json\/wp\/v2\/pages\/139\/revisions"}],"predecessor-version":[{"id":235,"href":"https:\/\/inke-johannsen.de\/en\/wp-json\/wp\/v2\/pages\/139\/revisions\/235"}],"wp:attachment":[{"href":"https:\/\/inke-johannsen.de\/en\/wp-json\/wp\/v2\/media?parent=139"}],"curies":[{"name":"wp","href":"https:\/\/api.w.org\/{rel}","templated":true}]}}